{"id":20,"date":"2021-02-15T11:58:21","date_gmt":"2021-02-15T11:58:21","guid":{"rendered":"https:\/\/leppert.adocom-webdesign.de\/?page_id=20"},"modified":"2021-02-25T06:12:40","modified_gmt":"2021-02-25T06:12:40","slug":"impressum","status":"publish","type":"page","link":"https:\/\/zahnarzt-leppert.de\/index.php\/impressum\/","title":{"rendered":"Impressum"},"content":{"rendered":"\n<h2 class=\"wp-block-heading\">Anbieterkennzeichnung nach \u00a7\u00a05 Telemediengesetz (TMG)<\/h2>\n\n\n\n<figure class=\"wp-block-table is-style-stripes\"><table><tbody><tr><td>Firma<\/td><td>Praxis Dr. Bernd Leppert &amp; Partner<\/td><\/tr><tr><td>Inhaber<\/td><td>Dr. Bernd Leppert<\/td><\/tr><tr><td>Anschrift<\/td><td>Brunnenkoppel 1,\u00a0 22041 Hamburg<\/td><\/tr><tr><td>Telefon<\/td><td>040 &#8211; 66 27 21<\/td><\/tr><tr><td>Telefax<\/td><td>040 &#8211; 66 970 80<\/td><\/tr><tr><td>E-Mail<\/td><td>kontakt@zahnarzt-leppert.de<\/td><\/tr><tr><td>Webmail<\/td><td><\/td><\/tr><tr><td>Pers\u00f6nlich haftendender Gesellschafter<\/td><td>Dr. Bernd Leppert<\/td><\/tr><tr><td>Verantwortliche(r) f\u00fcr Inhalt<\/td><td>Dr. Bernd Leppert<\/td><\/tr><\/tbody><\/table><\/figure>\n\n\n\n<div style=\"height:20px\" aria-hidden=\"true\" class=\"wp-block-spacer\"><\/div>\n\n\n\n<h3 class=\"wp-block-heading\">Approbation als Zahnarzt durch das Landespr\u00fcfungsamt f\u00fcr Heilberufe (Bundesrepublik Deutschland)<\/h3>\n\n\n\n<div style=\"height:20px\" aria-hidden=\"true\" class=\"wp-block-spacer\"><\/div>\n\n\n\n<h3 class=\"wp-block-heading\">Zust\u00e4ndige Aufsichtsbeh\u00f6rden und Mitglied in der Zahn\u00e4rztekammer Hamburg<\/h3>\n\n\n\n<p>M\u00f6llner Landstrasse 31, 22111 Hamburg<br>Telefon: 040 &#8211; 73 34 05-0<br>E-Mail:\u00a0<a href=\"mailto:info@zaek-hh.de\">info@zaek-hh.de<\/a><br>Internet:\u00a0<a rel=\"noreferrer noopener\" href=\"http:\/\/www.zaek-hh.de\/\" target=\"_blank\">www.zaek-hh.de<\/a><\/p>\n\n\n\n<div style=\"height:20px\" aria-hidden=\"true\" class=\"wp-block-spacer\"><\/div>\n\n\n\n<h3 class=\"wp-block-heading\">Mitglied der Kassenzahn\u00e4rztlichen Vereinigung Hamburg<\/h3>\n\n\n\n<p>Katharinenbr\u00fccke 1, 20457 Hamburg<br>Telefon: 040 &#8211; 36147-0<br>E-Mail:\u00a0<a href=\"mailto:kzv-hh@t-online.de\">kzv-hh@t-online.de<\/a><\/p>\n\n\n\n<div style=\"height:20px\" aria-hidden=\"true\" class=\"wp-block-spacer\"><\/div>\n\n\n\n<h3 class=\"wp-block-heading\">Relevante gesetzliche Regelungen<\/h3>\n\n\n\n<p>Gesetz \u00fcber die Aus\u00fcbung der Zahnheilkunde<br>Berufsordnung der Hamburger Zahn\u00e4rzte<br>Geb\u00fchrenordnung f\u00fcr Zahn\u00e4rzte<\/p>\n\n\n\n<div style=\"height:20px\" aria-hidden=\"true\" class=\"wp-block-spacer\"><\/div>\n\n\n\n<h3 class=\"wp-block-heading\">Verbraucherinformation zur Online-Streitbeilegung gem\u00e4\u00df Verordnung (EU) Nr. 524\/2013<\/h3>\n\n\n\n<p>Im Rahmen der Verordnung \u00fcber Online-Streitbeilegung zu Verbraucherangelegenheiten steht Ihnen unter\u00a0<a rel=\"noreferrer noopener\" href=\"https:\/\/ec.europa.eu\/consumers\/odr\/\" target=\"_blank\">https:\/\/ec.europa.eu\/consumers\/odr\/<\/a>\u00a0eine Online-Streitbeilegungsplattform der EU-Kommission zur Verf\u00fcgung.<\/p>\n\n\n\n<div style=\"height:20px\" aria-hidden=\"true\" class=\"wp-block-spacer\"><\/div>\n\n\n\n<h2 class=\"wp-block-heading\">Design &amp; Umsetzung<\/h2>\n\n\n\n<p><strong>adocom ohg<\/strong><br>Feldstra\u00dfe 14<br>14641 Nauen<\/p>\n\n\n\n<p>Telefon: 03321 &#8211; 42 93 751<br>E-Mail:\u00a0<a href=\"mailto:info@zaek-hh.de\">webservice@adocom.de<\/a><br>Internet:\u00a0<a rel=\"noreferrer noopener\" href=\"https:\/\/adocom.de\" target=\"_blank\">www.adocom.de<\/a> &#8211; <a rel=\"noreferrer noopener\" href=\"https:\/\/adomail.de\" target=\"_blank\">www.adomail.de<\/a><\/p>\n\n\n\n<div style=\"height:20px\" aria-hidden=\"true\" class=\"wp-block-spacer\"><\/div>\n\n\n\n<p>Copyright (c) 2021 adocom ohg und dessen\/deren Lizenzgeber. Alle Rechte vorbehalten.<\/p>\n","protected":false},"excerpt":{"rendered":"<p>Anbieterkennzeichnung nach \u00a7\u00a05 Telemediengesetz (TMG) Firma Praxis Dr. Bernd Leppert &amp; Partner Inhaber Dr. Bernd Leppert Anschrift Brunnenkoppel 1,\u00a0 22041 Hamburg Telefon 040 &#8211; 66 27 21 Telefax 040 &#8211; 66 970 80 E-Mail kontakt@zahnarzt-leppert.de Webmail Pers\u00f6nlich haftendender Gesellschafter Dr. Bernd Leppert Verantwortliche(r) f\u00fcr Inhalt Dr. Bernd Leppert Approbation als Zahnarzt durch das Landespr\u00fcfungsamt f\u00fcr [&hellip;]<\/p>\n","protected":false},"author":1,"featured_media":0,"parent":0,"menu_order":0,"comment_status":"closed","ping_status":"closed","template":"fullwidth.php","meta":{"_coblocks_attr":"","_coblocks_dimensions":"","_coblocks_responsive_height":"","_coblocks_accordion_ie_support":"","_uag_custom_page_level_css":"","advgb_blocks_editor_width":"","advgb_blocks_columns_visual_guide":"","_themeisle_gutenberg_block_has_review":false,"footnotes":""},"class_list":["post-20","page","type-page","status-publish","hentry"],"featured_image_src":null,"featured_image_src_square":null,"uagb_featured_image_src":{"full":false,"thumbnail":false,"medium":false,"medium_large":false,"large":false,"1536x1536":false,"2048x2048":false,"gb-block-post-grid-landscape":false,"gb-block-post-grid-square":false},"uagb_author_info":{"display_name":"adocom_Webservice","author_link":"https:\/\/zahnarzt-leppert.de\/index.php\/author\/admin_i6yg00p9\/"},"uagb_comment_info":0,"uagb_excerpt":"Anbieterkennzeichnung nach \u00a7\u00a05 Telemediengesetz (TMG) Firma Praxis Dr. Bernd Leppert &amp; Partner Inhaber Dr. Bernd Leppert Anschrift Brunnenkoppel 1,\u00a0 22041 Hamburg Telefon 040 &#8211; 66 27 21 Telefax 040 &#8211; 66 970 80 E-Mail kontakt@zahnarzt-leppert.de Webmail Pers\u00f6nlich haftendender Gesellschafter Dr. Bernd Leppert Verantwortliche(r) f\u00fcr Inhalt Dr. Bernd Leppert Approbation als Zahnarzt durch das Landespr\u00fcfungsamt f\u00fcr&hellip;","coauthors":[],"author_meta":{"author_link":"https:\/\/zahnarzt-leppert.de\/index.php\/author\/admin_i6yg00p9\/","display_name":"adocom_Webservice"},"relative_dates":{"created":"Posted 5\u00a0Jahren ago","modified":"Updated 5\u00a0Jahren ago"},"absolute_dates":{"created":"Posted on Februar 15, 2021","modified":"Updated on Februar 25, 2021"},"absolute_dates_time":{"created":"Posted on Februar 15, 2021 11:58 a.m.","modified":"Updated on Februar 25, 2021 6:12 a.m."},"featured_img_caption":"","featured_img":false,"series_order":"","_links":{"self":[{"href":"https:\/\/zahnarzt-leppert.de\/index.php\/wp-json\/wp\/v2\/pages\/20","targetHints":{"allow":["GET"]}}],"collection":[{"href":"https:\/\/zahnarzt-leppert.de\/index.php\/wp-json\/wp\/v2\/pages"}],"about":[{"href":"https:\/\/zahnarzt-leppert.de\/index.php\/wp-json\/wp\/v2\/types\/page"}],"author":[{"embeddable":true,"href":"https:\/\/zahnarzt-leppert.de\/index.php\/wp-json\/wp\/v2\/users\/1"}],"replies":[{"embeddable":true,"href":"https:\/\/zahnarzt-leppert.de\/index.php\/wp-json\/wp\/v2\/comments?post=20"}],"version-history":[{"count":11,"href":"https:\/\/zahnarzt-leppert.de\/index.php\/wp-json\/wp\/v2\/pages\/20\/revisions"}],"predecessor-version":[{"id":613,"href":"https:\/\/zahnarzt-leppert.de\/index.php\/wp-json\/wp\/v2\/pages\/20\/revisions\/613"}],"wp:attachment":[{"href":"https:\/\/zahnarzt-leppert.de\/index.php\/wp-json\/wp\/v2\/media?parent=20"}],"curies":[{"name":"wp","href":"https:\/\/api.w.org\/{rel}","templated":true}]}}